{"id":288,"date":"2022-02-22T12:49:44","date_gmt":"2022-02-22T11:49:44","guid":{"rendered":"https:\/\/www.entwicklung.cargowell.at\/datenschutz\/"},"modified":"2022-09-11T15:18:19","modified_gmt":"2022-09-11T13:18:19","slug":"datenschutz","status":"publish","type":"page","link":"https:\/\/www.cargowell.at\/en\/datenschutz\/","title":{"rendered":"data protection"},"content":{"rendered":"<p>[et_pb_section fb_built=&#8221;1&#8243; theme_builder_area=&#8221;post_content&#8221; _builder_version=&#8221;4.18.0&#8243; _module_preset=&#8221;default&#8221;][et_pb_row _builder_version=&#8221;4.18.0&#8243; _module_preset=&#8221;default&#8221; theme_builder_area=&#8221;post_content&#8221;][et_pb_column _builder_version=&#8221;4.18.0&#8243; _module_preset=&#8221;default&#8221; type=&#8221;4_4&#8243; theme_builder_area=&#8221;post_content&#8221;][et_pb_text _builder_version=&#8221;4.18.0&#8243; _module_preset=&#8221;default&#8221; theme_builder_area=&#8221;post_content&#8221; hover_enabled=&#8221;0&#8243; sticky_enabled=&#8221;0&#8243;]<\/p>\n<div class=\"jsn-bootstrap3 jsn-pagebuilder pb-element-container pb-element-heading\">\n<h1>Datenschutz<\/h1>\n<\/div>\n<div class=\"pb-element-container pb-element-text text-vaptrb\">\n<div>\n<div itemprop=\"articleBody\">\n<div class=\"jsn-bootstrap3\">\n<div id=\"r0JprC\" class=\" row\">\n<div class=\"col-md-12 col-sm-12 col-xs-12\">\n<div class=\"pb-element-container pb-element-text text-jusmgt\">\n<div>\n<p><strong>Information \u00fcber die Erhebung personenbezogener Daten und Kontaktdaten des Verantwortlichen<\/strong><\/p>\n<p>Wir freuen uns, dass Sie unsere Webseite besuchen und bedanken uns f\u00fcr Ihr Interesse. Im Folgenden informieren wir Sie \u00fcber den Umgang mit Ihren personenbezogenen Daten bei Nutzung unserer Webseite<span>\u00a0<\/span><a href=\"http:\/\/www.cargowell.at\" target=\"_blank\" rel=\"noopener\">www.cargowell.at<\/a><\/p>\n<p>Personenbezogene Daten sind hierbei alle Daten, mit denen Sie pers\u00f6nlich identifiziert werden k\u00f6nnen. Beim Besuch unserer Webseite werden niemals sensible, personenbezogene Daten von Ihnen gefordert oder registriert, die auf Ihre rassische oder ethnische Herkunft, Ihre Religionszugeh\u00f6rigkeit, Ihre Gewerkschaftszugeh\u00f6rigkeit, Ihren Gesundheitszustand oder Ihre sexuelle Orientierung schlie\u00dfen lassen.<\/p>\n<p><strong>Verantwortlich auf dieser Website im Sinne der Datenschutz-Grundverordnung (DSGVO) ist:<\/strong><br \/>cargowell spedition gmbH<br \/>F.-W.-Raiffeisen-Stra\u00dfe 1<br \/>5061 Elsbethen<\/p>\n<p><strong>Datenschutz beim Besuch unserer Webseite<br \/><\/strong>Bei der blo\u00df informatorischen Nutzung unserer Website erheben wir nur solche Daten, die Ihr Browser an unseren Server \u00fcbermittelt (sog. \u201eServer-Logfiles\u201c). Diese Daten werden ausschlie\u00dflich zur Sicherstellung eines st\u00f6rungsfreien Betriebs der Seite und zur Verbesserung unseres Angebots ausgewertet und erlauben uns keinen R\u00fcckschluss auf Ihre Person.<br \/>Wenn Sie unsere Webseite aufrufen, werden folgenden Daten erhoben:<br \/>\u2022 Unsere besuchte Website<br \/>\u2022 Datum und Uhrzeit zum Zeitpunkt des Zugriffes<br \/>\u2022 Menge der gesendeten Daten in Byte<br \/>\u2022 Quelle\/Verweis, von welchem Sie auf die Seite gelangten<br \/>\u2022 Verwendeter Browser<br \/>\u2022 Verwendetes Betriebssystem<br \/>\u2022 Verwendete IP-Adresse (ggf.: in anonymisierter Form)<br \/>Die Verarbeitung erfolgt gem\u00e4\u00df Art. 6 Abs. 1 lit. f DSGVO auf Basis unseres berechtigten Interesses an der Verbesserung der Stabilit\u00e4t und Funktionalit\u00e4t unserer Website. Eine Weitergabe oder anderweitige Verwendung der Daten findet nicht statt. Wir behalten uns allerdings vor, die Server-Logfiles nachtr\u00e4glich zu \u00fcberpr\u00fcfen, sollten konkrete Anhaltspunkte auf eine rechtswidrige Nutzung hinweisen.<\/p>\n<p><strong>Verwendung von Cookies<\/strong><br \/>Um den Besuch unserer Website attraktiv zu gestalten und die Nutzung bestimmter Funktionen zu erm\u00f6glichen, verwenden wir auf verschiedenen Seiten sogenannte Cookies. Hierbei handelt es sich um kleine Textdateien, die auf Ihrem Endger\u00e4t gespeichert werden. Einige der von uns verwendeten Cookies werden nach Ende der Browser-Sitzung, also nach Schlie\u00dfen Ihres Browsers, wieder gel\u00f6scht (sog. Sitzungs-Cookies). Andere Cookies verbleiben auf Ihrem Endger\u00e4t und erm\u00f6glichen uns, Ihren Browser beim n\u00e4chsten Besuch wiederzuerkennen (persistente Cookies).<\/p>\n<p>Bitte beachten Sie, dass Sie Ihren Browser so einstellen k\u00f6nnen, dass Sie \u00fcber das Setzen von Cookies informiert werden und einzeln \u00fcber deren Annahme entscheiden oder die Annahme von Cookies f\u00fcr bestimmte F\u00e4lle oder generell ausschlie\u00dfen k\u00f6nnen. Jeder Browser unterscheidet sich in der Art, wie er die Cookie-Einstellungen verwaltet. Diese ist in dem Hilfemen\u00fc jedes Browsers beschrieben, welches Ihnen erl\u00e4utert, wie Sie Ihre Cookie-Einstellungen \u00e4ndern k\u00f6nnen. Diese finden Sie f\u00fcr die jeweiligen Browser unter den folgenden Links:<\/p>\n<p><strong>Internet Explorer:<\/strong><span>\u00a0<\/span><a href=\"http:\/\/windows.microsoft.com\/de-DE\/windows-vista\/Block-or-allow-cookies\" target=\"_blank\" rel=\"noopener\">http:\/\/windows.microsoft.com\/de-DE\/windows-vista\/Block-or-allow-cookies<\/a><\/p>\n<p><strong>Microsoft Edge Browser:<span>\u00a0<\/span><\/strong><a href=\"https:\/\/support.microsoft.com\/de-at\/help\/17442\/windows-internet-explorer-delete-manage-cookies\" target=\"_blank\" rel=\"noopener\">https:\/\/support.microsoft.com\/de-at\/help\/17442\/windows-internet-explorer-delete-manage-cookies<\/a><\/p>\n<p><strong>Firefox:<\/strong><span>\u00a0<\/span><a href=\"https:\/\/support.mozilla.org\/de\/kb\/cookies-erlauben-und-ablehnen\" target=\"_blank\" rel=\"noopener\">https:\/\/support.mozilla.org\/de\/kb\/cookies-erlauben-und-ablehnen<\/a><\/p>\n<p><strong>Chrome:<\/strong><span>\u00a0<\/span><a href=\"http:\/\/support.google.com\/chrome\/bin\/answer.py?hl=de&amp;hlrm=en&amp;answer=95647\" target=\"_blank\" rel=\"noopener\">http:\/\/support.google.com\/chrome\/bin\/answer.py?hl=de&amp;hlrm=en&amp;answer=95647<\/a><\/p>\n<p><strong>Safari:<\/strong><span>\u00a0<\/span><a href=\"https:\/\/support.apple.com\/kb\/ph21411?locale=de_DE\" target=\"_blank\" rel=\"noopener\">https:\/\/support.apple.com\/kb\/ph21411?locale=de_DE<\/a><\/p>\n<p><strong>Opera:<\/strong><span>\u00a0<\/span><a href=\"http:\/\/help.opera.com\/Windows\/10.20\/de\/cookies.html\" target=\"_blank\" rel=\"noopener\">http:\/\/help.opera.com\/Windows\/10.20\/de\/cookies.html<\/a><\/p>\n<p><strong>Kontaktaufnahme und Datenerhebung zur Vertragsabwicklung<\/strong><br \/>Wir erheben personenbezogene Daten nur, wenn Sie uns diese im Rahmen Ihrer Kontaktaufnahme mit uns per E-Mail oder Anfrageformular freiwillig mitteilen. Wir verwenden die von Ihnen mitgeteilten Daten zur Vertragsabwicklung und Bearbeitung Ihrer Anfragen. Nach vollst\u00e4ndiger Abwicklung Ihrer Anfrage werden Ihre Daten f\u00fcr die weitere Verwendung gesperrt und nach Ablauf der steuer- und handelsrechtlichen Aufbewahrungsfristen gel\u00f6scht.<\/p>\n<p><strong>Datenweitergabe zur Vertragserf\u00fcllung<br \/><\/strong>Wird \u00fcber unsere Webseite eine Anfrage get\u00e4tigt, werden zu keiner Zeit Ihre Daten an externe Dienstleister weiter gegeben.<\/p>\n<p><strong>Einsatz von Google Analytics zur Webanalyse<br \/><\/strong>Zur statistischen Erhebung \u00fcber die Anzahl an Zugriffen auf unsere Webseiten benutzen wir Google (Universal) Analytics, einen Webanalysedienst der Google Inc. (<a href=\"http:\/\/www.google.de\" target=\"_blank\" rel=\"noopener\">www.google.de<\/a>).<\/p>\n<p>Google Analytics verwendet Methoden, die eine Analyse der Benutzung der Webseite durch Sie erm\u00f6glichen, wie zum Beispiel sog. \u201eCookies\u201c, Textdateien, die auf Ihrem Computer gespeichert werden. Die erzeugten Informationen \u00fcber Ihre Benutzung dieser Website werden in der Regel an einen Server von Google in den USA \u00fcbertragen und dort gespeichert. Durch die Aktivierung der IP-Anonymisierung auf dieser Webseite wird dabei die IP-Adresse vor der \u00dcbermittlung innerhalb der Mitgliedstaaten der Europ\u00e4ischen Union oder in anderen Vertragsstaaten des Abkommens \u00fcber den Europ\u00e4ischen Wirtschaftsraum gek\u00fcrzt.<\/p>\n<p>Nur in Ausnahmef\u00e4llen wird die volle IP-Adresse an einen Server von Google in den USA \u00fcbertragen und dort gek\u00fcrzt. Die im Rahmen von Google Analytics von Ihrem Browser \u00fcbermittelte anonymisierte IP-Adresse wird nicht mit anderen Daten von Google zusammengef\u00fchrt.<\/p>\n<p>Sie k\u00f6nnen die Erfassung der durch das Cookie erzeugten und auf Ihre Nutzung der Website bezogenen Daten (inkl. Ihrer IP-Adresse) an Google sowie die Verarbeitung dieser Daten durch Google verhindern, indem Sie das unter dem folgenden Link verf\u00fcgbare Browser-Plugin herunterladen und installieren:<br \/><a href=\"http:\/\/tools.google.com\/dlpage\/gaoptout?hl=de\" target=\"_blank\" rel=\"noopener\">http:\/\/tools.google.com\/dlpage\/gaoptout?hl=de<\/a><br \/>Alternativ zum Browser-Plugin k\u00f6nnen Sie diesen Link klicken, um die Erfassung durch Google Analytics auf dieser Website zuk\u00fcnftig zu verhindern. Dabei wird ein Opt-Out-Cookie auf Ihrem Endger\u00e4t abgelegt. L\u00f6schen Sie Ihre Cookies, m\u00fcssen Sie den Link erneut klicken.<\/p>\n<p><strong>Grunds\u00e4tzliche Vorsichtsma\u00dfnahmen zum Schutz Ihrer Daten<br \/><\/strong>E-Mailanfragen werden stets \u00fcber einen kabelgebundenen Anschluss direkt an den Computer der\u00a0 cargowell spedition gmbH zugestellt. Dieser Computer ist gegen unbefugte Inbetriebnahme stets passwortgesch\u00fctzt. Betriebsfremde Personen haben keinen unbeaufsichtigten Zugang in das B\u00fcro.<\/p>\n<p><strong>Auskunftsrecht und Kontaktm\u00f6glichkeit<\/strong><br \/>Sie haben ein Recht auf unentgeltliche Auskunft \u00fcber die bei uns zu Ihrer Person gespeicherten Daten sowie ggf. ein Recht auf Berichtigung, Sperrung oder L\u00f6schung dieser Daten. Bei Fragen zur Erhebung, Verarbeitung oder Nutzung Ihrer personenbezogenen Daten, bei Ausk\u00fcnften, Berichtigung, Sperrung oder L\u00f6schung von Daten sowie Widerruf erteilter Einwilligungen oder Widerspruch gegen eine bestimmte Datenverwendung wenden Sie sich bitte direkt an uns \u00fcber die Kontaktdaten in unserem Impressum.<\/p>\n<\/div>\n<\/div>\n<\/div>\n<\/div>\n<\/div>\n<\/div>\n<\/div>\n<\/div>\n<p>[\/et_pb_text][\/et_pb_column][\/et_pb_row][\/et_pb_section]<\/p>\n","protected":false},"excerpt":{"rendered":"<p>Datenschutz Information \u00fcber die Erhebung personenbezogener Daten und Kontaktdaten des Verantwortlichen Wir freuen uns, dass Sie unsere Webseite besuchen und bedanken uns f\u00fcr Ihr Interesse. Im Folgenden informieren wir Sie \u00fcber den Umgang mit Ihren personenbezogenen Daten bei Nutzung unserer Webseite\u00a0www.cargowell.at Personenbezogene Daten sind hierbei alle Daten, mit denen Sie pers\u00f6nlich identifiziert werden k\u00f6nnen. Beim Besuch unserer Webseite werden niemals sensible, personenbezogene Daten von Ihnen gefordert oder registriert, die auf Ihre rassische oder ethnische Herkunft, Ihre Religionszugeh\u00f6rigkeit, Ihre Gewerkschaftszugeh\u00f6rigkeit, Ihren Gesundheitszustand oder Ihre sexuelle Orientierung schlie\u00dfen lassen. Verantwortlich auf dieser Website im Sinne der Datenschutz-Grundverordnung (DSGVO) ist:cargowell spedition gmbHF.-W.-Raiffeisen-Stra\u00dfe 15061 Elsbethen Datenschutz beim Besuch unserer WebseiteBei der blo\u00df informatorischen Nutzung unserer Website erheben wir nur solche Daten, die Ihr Browser an unseren Server \u00fcbermittelt (sog. \u201eServer-Logfiles\u201c). Diese Daten werden ausschlie\u00dflich zur Sicherstellung eines st\u00f6rungsfreien Betriebs der Seite und zur Verbesserung unseres Angebots ausgewertet und erlauben uns keinen R\u00fcckschluss auf Ihre Person.Wenn Sie unsere Webseite aufrufen, werden folgenden Daten erhoben:\u2022 Unsere besuchte Website\u2022 Datum und Uhrzeit zum Zeitpunkt des Zugriffes\u2022 Menge der gesendeten Daten in Byte\u2022 Quelle\/Verweis, von welchem Sie auf die Seite gelangten\u2022 Verwendeter Browser\u2022 Verwendetes Betriebssystem\u2022 Verwendete IP-Adresse (ggf.: in anonymisierter Form)Die Verarbeitung erfolgt gem\u00e4\u00df Art. 6 Abs. 1 [&hellip;]<\/p>\n","protected":false},"author":1,"featured_media":0,"parent":0,"menu_order":0,"comment_status":"closed","ping_status":"closed","template":"","meta":{"_et_pb_use_builder":"on","_et_pb_old_content":"","_et_gb_content_width":"","footnotes":""},"class_list":["post-288","page","type-page","status-publish","hentry"],"_links":{"self":[{"href":"https:\/\/www.cargowell.at\/en\/wp-json\/wp\/v2\/pages\/288","targetHints":{"allow":["GET"]}}],"collection":[{"href":"https:\/\/www.cargowell.at\/en\/wp-json\/wp\/v2\/pages"}],"about":[{"href":"https:\/\/www.cargowell.at\/en\/wp-json\/wp\/v2\/types\/page"}],"author":[{"embeddable":true,"href":"https:\/\/www.cargowell.at\/en\/wp-json\/wp\/v2\/users\/1"}],"replies":[{"embeddable":true,"href":"https:\/\/www.cargowell.at\/en\/wp-json\/wp\/v2\/comments?post=288"}],"version-history":[{"count":0,"href":"https:\/\/www.cargowell.at\/en\/wp-json\/wp\/v2\/pages\/288\/revisions"}],"wp:attachment":[{"href":"https:\/\/www.cargowell.at\/en\/wp-json\/wp\/v2\/media?parent=288"}],"curies":[{"name":"wp","href":"https:\/\/api.w.org\/{rel}","templated":true}]}}